{"id":1035,"date":"2023-08-23T15:43:11","date_gmt":"2023-08-23T19:43:11","guid":{"rendered":"https:\/\/www.voiceofprophecy.ca\/donateurs-speciaux-de-voice-of-prophecy\/"},"modified":"2023-09-13T20:21:29","modified_gmt":"2023-09-14T00:21:29","slug":"donateurs-speciaux-de-voice-of-prophecy","status":"publish","type":"page","link":"https:\/\/www.voiceofprophecy.ca\/fr\/donateurs-speciaux-de-voice-of-prophecy\/","title":{"rendered":"Donateurs sp\u00e9ciaux de Voice of Prophecy"},"content":{"rendered":"<p><span style=\"font-weight: 400;\">https:\/\/www.voiceofprophecy.com\/voice-prophecy-sponsors<\/span><\/p>\n<p><span style=\"font-weight: 400;\">&#8212; VIDEO &#8212;<\/span><\/p>\n<p><span style=\"font-weight: 400;\">Les donateurs sp\u00e9ciaux de Voice of Prophecy, des personnes et des familles engag\u00e9es \u00e0 soutenir Voice of Prophecy par un don d\u2019au moins 100\u00a0$ par mois, ou 1\u00a0200\u00a0$ par ann\u00e9e, sont indispensables au succ\u00e8s de notre minist\u00e8re. Leurs pri\u00e8res et leur soutien continuent de transformer des vies pour le ciel.<\/span><\/p>\n<p><span style=\"font-weight: 400;\">Gr\u00e2ce \u00e0 la g\u00e9n\u00e9rosit\u00e9 de nos donateurs sp\u00e9ciaux, nous avons lanc\u00e9 notre initiative \u00ab\u00a0Discovering Revelation\u00a0\u00bb (\u00ab\u00a0D\u00e9couvrir l\u2019Apocalypse\u00a0\u00bb) sur tout le continent, offrant aux dirigeants d\u2019\u00e9glise locale un acc\u00e8s \u00e0 la gamme compl\u00e8te de nos ressources soigneusement s\u00e9lectionn\u00e9es pour l\u2019\u00e9vang\u00e9lisation. Nous avons \u00e9galement rejoint des milliers de nouveaux auditeurs avec nos programmes <\/span><i><span style=\"font-weight: 400;\">Authentic<\/span><\/i><span style=\"font-weight: 400;\"> et <\/span><i><span style=\"font-weight: 400;\">Discovery Mountain<\/span><\/i><span style=\"font-weight: 400;\">, puis continuons d\u2019\u00e9tablir des relations avec les \u00e9glises locales par notre derni\u00e8re courte s\u00e9rie <\/span><i><span style=\"font-weight: 400;\">The Serpentine Prophecy <\/span><\/i><span style=\"font-weight: 400;\">et par <\/span><i><span style=\"font-weight: 400;\">Discovering Revelation<\/span><\/i><span style=\"font-weight: 400;\">, une s\u00e9rie compl\u00e8te de pr\u00e9sentations.<\/span><\/p>\n<p><span style=\"font-weight: 400;\">C\u2019est un privil\u00e8ge que de collaborer avec nos donateurs sp\u00e9ciaux pour accomplir la mission que Dieu nous a confi\u00e9e, soit d\u2019atteindre le monde avant le retour de J\u00e9sus.<\/span><\/p>\n<p><span style=\"font-weight: 400;\">Cet automne, venez r\u00eaver avec nous, trouver l\u2019inspiration et prendre des d\u00e9cisions par la foi lors d\u2019une journ\u00e9e charg\u00e9e de puissance dans l\u2019un de ces trois lieux faciles d\u2019acc\u00e8s\u00a0:\u00a0<\/span><\/p>\n<p><b>7 octobre\u00a0:<\/b><span style=\"font-weight: 400;\"> Portland, OR<\/span><\/p>\n<p><b>21 octobre\u00a0:<\/b><span style=\"font-weight: 400;\"> Loma Linda, CA<\/span><\/p>\n<p><b>11 novembre\u00a0:<\/b><span style=\"font-weight: 400;\"> Chattanooga, TN<\/span><\/p>\n<p><span style=\"font-weight: 400;\">Pour en savoir davantage, t\u00e9l\u00e9phonez au (800) 429-5700 ou visitez-nous au vopsponsors.com.<\/span><\/p>\n<p><span style=\"font-weight: 400;\">&#8212; SLIDESHOW &#8212;<\/span><\/p>\n","protected":false},"excerpt":{"rendered":"<p>https:\/\/www.voiceofprophecy.com\/voice-prophecy-sponsors &#8212; VIDEO &#8212; Les donateurs sp\u00e9ciaux de Voice of Prophecy, des personnes et des familles engag\u00e9es \u00e0 soutenir Voice of Prophecy par un don d\u2019au moins 100\u00a0$ par mois, ou 1\u00a0200\u00a0$ par ann\u00e9e, sont indispensables au succ\u00e8s de notre minist\u00e8re. Leurs pri\u00e8res et leur soutien continuent de transformer des vies pour le ciel. Gr\u00e2ce [&hellip;]<\/p>\n","protected":false},"author":3461,"featured_media":1041,"parent":0,"menu_order":0,"comment_status":"closed","ping_status":"closed","template":"","meta":{"give_campaign_id":0,"footnotes":"","tve_updated_post":"","tve_custom_css":"","tve_user_custom_css":"","tve_globals":{},"tcb2_ready":0,"tcb_editor_enabled":0,"tve_landing_page":"","_tve_header":"","_tve_footer":""},"class_list":["post-1035","page","type-page","status-publish","has-post-thumbnail","hentry","post-wrapper","thrv_wrapper"],"yoast_head":"<!-- This site is optimized with the Yoast SEO plugin v27.5 - https:\/\/yoast.com\/product\/yoast-seo-wordpress\/ -->\n<title>Donateurs sp\u00e9ciaux de Voice of Prophecy - Voice of Prophecy Canada<\/title>\n<meta name=\"robots\" content=\"index, follow, max-snippet:-1, max-image-preview:large, max-video-preview:-1\" \/>\n<link rel=\"canonical\" href=\"https:\/\/www.voiceofprophecy.ca\/fr\/donateurs-speciaux-de-voice-of-prophecy\/\" \/>\n<meta property=\"og:locale\" content=\"fr_FR\" \/>\n<meta property=\"og:type\" content=\"article\" \/>\n<meta property=\"og:title\" content=\"Donateurs sp\u00e9ciaux de Voice of Prophecy - Voice of Prophecy Canada\" \/>\n<meta property=\"og:description\" content=\"https:\/\/www.voiceofprophecy.com\/voice-prophecy-sponsors &#8212; VIDEO &#8212; Les donateurs sp\u00e9ciaux de Voice of Prophecy, des personnes et des familles engag\u00e9es \u00e0 soutenir Voice of Prophecy par un don d\u2019au moins 100\u00a0$ par mois, ou 1\u00a0200\u00a0$ par ann\u00e9e, sont indispensables au succ\u00e8s de notre minist\u00e8re. Leurs pri\u00e8res et leur soutien continuent de transformer des vies pour le ciel. Gr\u00e2ce [&hellip;]\" \/>\n<meta property=\"og:url\" content=\"https:\/\/www.voiceofprophecy.ca\/fr\/donateurs-speciaux-de-voice-of-prophecy\/\" \/>\n<meta property=\"og:site_name\" content=\"Voice of Prophecy Canada\" \/>\n<meta property=\"article:modified_time\" content=\"2023-09-14T00:21:29+00:00\" \/>\n<meta property=\"og:image\" content=\"https:\/\/www.voiceofprophecy.ca\/wp-content\/uploads\/2023\/09\/sponsors-1.jpg\" \/>\n\t<meta property=\"og:image:width\" content=\"1080\" \/>\n\t<meta property=\"og:image:height\" content=\"224\" \/>\n\t<meta property=\"og:image:type\" content=\"image\/jpeg\" \/>\n<meta name=\"twitter:label1\" content=\"Dur\u00e9e de lecture estim\u00e9e\" \/>\n\t<meta name=\"twitter:data1\" content=\"1 minute\" \/>\n<script type=\"application\/ld+json\" class=\"yoast-schema-graph\">{\"@context\":\"https:\\\/\\\/schema.org\",\"@graph\":[{\"@type\":\"WebPage\",\"@id\":\"https:\\\/\\\/www.voiceofprophecy.ca\\\/fr\\\/donateurs-speciaux-de-voice-of-prophecy\\\/\",\"url\":\"https:\\\/\\\/www.voiceofprophecy.ca\\\/fr\\\/donateurs-speciaux-de-voice-of-prophecy\\\/\",\"name\":\"Donateurs sp\u00e9ciaux de Voice of Prophecy - Voice of Prophecy Canada\",\"isPartOf\":{\"@id\":\"https:\\\/\\\/www.voiceofprophecy.ca\\\/fr\\\/#website\"},\"primaryImageOfPage\":{\"@id\":\"https:\\\/\\\/www.voiceofprophecy.ca\\\/fr\\\/donateurs-speciaux-de-voice-of-prophecy\\\/#primaryimage\"},\"image\":{\"@id\":\"https:\\\/\\\/www.voiceofprophecy.ca\\\/fr\\\/donateurs-speciaux-de-voice-of-prophecy\\\/#primaryimage\"},\"thumbnailUrl\":\"https:\\\/\\\/www.voiceofprophecy.ca\\\/wp-content\\\/uploads\\\/2023\\\/09\\\/sponsors-1.jpg\",\"datePublished\":\"2023-08-23T19:43:11+00:00\",\"dateModified\":\"2023-09-14T00:21:29+00:00\",\"breadcrumb\":{\"@id\":\"https:\\\/\\\/www.voiceofprophecy.ca\\\/fr\\\/donateurs-speciaux-de-voice-of-prophecy\\\/#breadcrumb\"},\"inLanguage\":\"fr-FR\",\"potentialAction\":[{\"@type\":\"ReadAction\",\"target\":[\"https:\\\/\\\/www.voiceofprophecy.ca\\\/fr\\\/donateurs-speciaux-de-voice-of-prophecy\\\/\"]}]},{\"@type\":\"ImageObject\",\"inLanguage\":\"fr-FR\",\"@id\":\"https:\\\/\\\/www.voiceofprophecy.ca\\\/fr\\\/donateurs-speciaux-de-voice-of-prophecy\\\/#primaryimage\",\"url\":\"https:\\\/\\\/www.voiceofprophecy.ca\\\/wp-content\\\/uploads\\\/2023\\\/09\\\/sponsors-1.jpg\",\"contentUrl\":\"https:\\\/\\\/www.voiceofprophecy.ca\\\/wp-content\\\/uploads\\\/2023\\\/09\\\/sponsors-1.jpg\",\"width\":1080,\"height\":224},{\"@type\":\"BreadcrumbList\",\"@id\":\"https:\\\/\\\/www.voiceofprophecy.ca\\\/fr\\\/donateurs-speciaux-de-voice-of-prophecy\\\/#breadcrumb\",\"itemListElement\":[{\"@type\":\"ListItem\",\"position\":1,\"name\":\"Home\",\"item\":\"https:\\\/\\\/www.voiceofprophecy.ca\\\/fr\\\/\"},{\"@type\":\"ListItem\",\"position\":2,\"name\":\"Donateurs sp\u00e9ciaux de Voice of Prophecy\"}]},{\"@type\":\"WebSite\",\"@id\":\"https:\\\/\\\/www.voiceofprophecy.ca\\\/fr\\\/#website\",\"url\":\"https:\\\/\\\/www.voiceofprophecy.ca\\\/fr\\\/\",\"name\":\"Voice of Prophecy Canada\",\"description\":\"Equipping the World for Christ to Come\",\"potentialAction\":[{\"@type\":\"SearchAction\",\"target\":{\"@type\":\"EntryPoint\",\"urlTemplate\":\"https:\\\/\\\/www.voiceofprophecy.ca\\\/fr\\\/?s={search_term_string}\"},\"query-input\":{\"@type\":\"PropertyValueSpecification\",\"valueRequired\":true,\"valueName\":\"search_term_string\"}}],\"inLanguage\":\"fr-FR\"}]}<\/script>\n<!-- \/ Yoast SEO plugin. -->","yoast_head_json":{"title":"Donateurs sp\u00e9ciaux de Voice of Prophecy - Voice of Prophecy Canada","robots":{"index":"index","follow":"follow","max-snippet":"max-snippet:-1","max-image-preview":"max-image-preview:large","max-video-preview":"max-video-preview:-1"},"canonical":"https:\/\/www.voiceofprophecy.ca\/fr\/donateurs-speciaux-de-voice-of-prophecy\/","og_locale":"fr_FR","og_type":"article","og_title":"Donateurs sp\u00e9ciaux de Voice of Prophecy - Voice of Prophecy Canada","og_description":"https:\/\/www.voiceofprophecy.com\/voice-prophecy-sponsors &#8212; VIDEO &#8212; Les donateurs sp\u00e9ciaux de Voice of Prophecy, des personnes et des familles engag\u00e9es \u00e0 soutenir Voice of Prophecy par un don d\u2019au moins 100\u00a0$ par mois, ou 1\u00a0200\u00a0$ par ann\u00e9e, sont indispensables au succ\u00e8s de notre minist\u00e8re. Leurs pri\u00e8res et leur soutien continuent de transformer des vies pour le ciel. Gr\u00e2ce [&hellip;]","og_url":"https:\/\/www.voiceofprophecy.ca\/fr\/donateurs-speciaux-de-voice-of-prophecy\/","og_site_name":"Voice of Prophecy Canada","article_modified_time":"2023-09-14T00:21:29+00:00","og_image":[{"width":1080,"height":224,"url":"https:\/\/www.voiceofprophecy.ca\/wp-content\/uploads\/2023\/09\/sponsors-1.jpg","type":"image\/jpeg"}],"twitter_misc":{"Dur\u00e9e de lecture estim\u00e9e":"1 minute"},"schema":{"@context":"https:\/\/schema.org","@graph":[{"@type":"WebPage","@id":"https:\/\/www.voiceofprophecy.ca\/fr\/donateurs-speciaux-de-voice-of-prophecy\/","url":"https:\/\/www.voiceofprophecy.ca\/fr\/donateurs-speciaux-de-voice-of-prophecy\/","name":"Donateurs sp\u00e9ciaux de Voice of Prophecy - Voice of Prophecy Canada","isPartOf":{"@id":"https:\/\/www.voiceofprophecy.ca\/fr\/#website"},"primaryImageOfPage":{"@id":"https:\/\/www.voiceofprophecy.ca\/fr\/donateurs-speciaux-de-voice-of-prophecy\/#primaryimage"},"image":{"@id":"https:\/\/www.voiceofprophecy.ca\/fr\/donateurs-speciaux-de-voice-of-prophecy\/#primaryimage"},"thumbnailUrl":"https:\/\/www.voiceofprophecy.ca\/wp-content\/uploads\/2023\/09\/sponsors-1.jpg","datePublished":"2023-08-23T19:43:11+00:00","dateModified":"2023-09-14T00:21:29+00:00","breadcrumb":{"@id":"https:\/\/www.voiceofprophecy.ca\/fr\/donateurs-speciaux-de-voice-of-prophecy\/#breadcrumb"},"inLanguage":"fr-FR","potentialAction":[{"@type":"ReadAction","target":["https:\/\/www.voiceofprophecy.ca\/fr\/donateurs-speciaux-de-voice-of-prophecy\/"]}]},{"@type":"ImageObject","inLanguage":"fr-FR","@id":"https:\/\/www.voiceofprophecy.ca\/fr\/donateurs-speciaux-de-voice-of-prophecy\/#primaryimage","url":"https:\/\/www.voiceofprophecy.ca\/wp-content\/uploads\/2023\/09\/sponsors-1.jpg","contentUrl":"https:\/\/www.voiceofprophecy.ca\/wp-content\/uploads\/2023\/09\/sponsors-1.jpg","width":1080,"height":224},{"@type":"BreadcrumbList","@id":"https:\/\/www.voiceofprophecy.ca\/fr\/donateurs-speciaux-de-voice-of-prophecy\/#breadcrumb","itemListElement":[{"@type":"ListItem","position":1,"name":"Home","item":"https:\/\/www.voiceofprophecy.ca\/fr\/"},{"@type":"ListItem","position":2,"name":"Donateurs sp\u00e9ciaux de Voice of Prophecy"}]},{"@type":"WebSite","@id":"https:\/\/www.voiceofprophecy.ca\/fr\/#website","url":"https:\/\/www.voiceofprophecy.ca\/fr\/","name":"Voice of Prophecy Canada","description":"Equipping the World for Christ to Come","potentialAction":[{"@type":"SearchAction","target":{"@type":"EntryPoint","urlTemplate":"https:\/\/www.voiceofprophecy.ca\/fr\/?s={search_term_string}"},"query-input":{"@type":"PropertyValueSpecification","valueRequired":true,"valueName":"search_term_string"}}],"inLanguage":"fr-FR"}]}},"campaignId":"","_links":{"self":[{"href":"https:\/\/www.voiceofprophecy.ca\/fr\/wp-json\/wp\/v2\/pages\/1035","targetHints":{"allow":["GET"]}}],"collection":[{"href":"https:\/\/www.voiceofprophecy.ca\/fr\/wp-json\/wp\/v2\/pages"}],"about":[{"href":"https:\/\/www.voiceofprophecy.ca\/fr\/wp-json\/wp\/v2\/types\/page"}],"author":[{"embeddable":true,"href":"https:\/\/www.voiceofprophecy.ca\/fr\/wp-json\/wp\/v2\/users\/3461"}],"replies":[{"embeddable":true,"href":"https:\/\/www.voiceofprophecy.ca\/fr\/wp-json\/wp\/v2\/comments?post=1035"}],"version-history":[{"count":2,"href":"https:\/\/www.voiceofprophecy.ca\/fr\/wp-json\/wp\/v2\/pages\/1035\/revisions"}],"predecessor-version":[{"id":1042,"href":"https:\/\/www.voiceofprophecy.ca\/fr\/wp-json\/wp\/v2\/pages\/1035\/revisions\/1042"}],"wp:featuredmedia":[{"embeddable":true,"href":"https:\/\/www.voiceofprophecy.ca\/fr\/wp-json\/wp\/v2\/media\/1041"}],"wp:attachment":[{"href":"https:\/\/www.voiceofprophecy.ca\/fr\/wp-json\/wp\/v2\/media?parent=1035"}],"curies":[{"name":"wp","href":"https:\/\/api.w.org\/{rel}","templated":true}]}}