{"id":832,"date":"2023-01-19T14:11:11","date_gmt":"2023-01-19T18:11:11","guid":{"rendered":"https:\/\/www.voiceofprophecy.ca\/nouvelles\/"},"modified":"2023-04-05T12:08:25","modified_gmt":"2023-04-05T16:08:25","slug":"nouvelles","status":"publish","type":"page","link":"https:\/\/www.voiceofprophecy.ca\/fr\/nouvelles\/","title":{"rendered":"Nouvelles"},"content":{"rendered":"\n<figure class=\"wp-block-image size-full\"><img loading=\"lazy\" decoding=\"async\" width=\"550\" height=\"750\" src=\"https:\/\/www.voiceofprophecy.ca\/wp-content\/uploads\/2023\/01\/justin-lyons.jpeg\" alt=\"\" class=\"wp-image-701\" srcset=\"https:\/\/www.voiceofprophecy.ca\/wp-content\/uploads\/2023\/01\/justin-lyons.jpeg 550w, https:\/\/www.voiceofprophecy.ca\/wp-content\/uploads\/2023\/01\/justin-lyons-220x300.jpeg 220w\" sizes=\"auto, (max-width: 550px) 100vw, 550px\" \/><\/figure>\n\n<h2 class=\"wp-block-heading\">Justin Lyons nomm\u00e9 directeur\/tr\u00e9sorier de Voice of Prophecy<\/h2>\n\n<h3 class=\"wp-block-heading\">La Voix de la Proph\u00e9tie a le plaisir d&rsquo;annoncer que Justin Lyons est notre nouveau directeur\/tr\u00e9sorier.<\/h3>\n\n<p>Justin Lyons, qui \u00e9tait r\u00e9cemment pr\u00e9sident de la Conf\u00e9rence des Adventistes du Septi\u00e8me Jour du Minnesota, a accept\u00e9 l&rsquo;invitation de la Voix de la Proph\u00e9tie \u00e0 occuper le poste de directeur\/tr\u00e9sorier.<\/p>\n\n<p>M. Lyons prendra ses fonctions au minist\u00e8re le 6 septembre.<\/p>\n\n<p>\u00ab\u00a0Je suis tr\u00e8s enthousiaste quant \u00e0 l&rsquo;avenir de la Voix de la Proph\u00e9tie avec l&rsquo;arriv\u00e9e de Justin dans l&rsquo;\u00e9quipe\u00a0\u00bb, d\u00e9clare Shawn Boonstra, orateur\/directeur de la Voix de la Proph\u00e9tie. \u00ab\u00a0Non seulement il poss\u00e8de une solide formation en gestion, mais il a aussi une bonne connaissance de l&rsquo;\u00e9vang\u00e9lisation et une profonde passion pour ce domaine. Je suis convaincu que Dieu l&rsquo;a amen\u00e9 au minist\u00e8re\u00a0\u00bb.<\/p>\n\n<p>Depuis 2006, M. Lyons est membre de la Conf\u00e9rence du Minnesota, dont il a \u00e9t\u00e9 le pr\u00e9sident de 2014 \u00e0 2022. Avant d&rsquo;occuper le poste de pr\u00e9sident, M. Lyons a \u00e9t\u00e9 vice-pr\u00e9sident charg\u00e9 de l&rsquo;administration de 2011 \u00e0 2014 et directeur des services de planification des dons et des services fiduciaires, poste qu&rsquo;il a occup\u00e9 de 2006 \u00e0 2014.<\/p>\n\n<p>Avant d&rsquo;acc\u00e9der \u00e0 la direction de la Conf\u00e9rence du Minnesota, M. Lyons a \u00e9t\u00e9 pasteur dans les Conf\u00e9rences de Washington, de l&rsquo;Oregon et du Minnesota.<\/p>\n\n<p>La nomination de M. Lyons fait suite au d\u00e9part \u00e0 la retraite de Victor Pires, directeur\/tr\u00e9sorier de Voice of Prophecy, qui a servi l&rsquo;\u00c9glise adventiste du septi\u00e8me jour pendant plus de 33 ans \u00e0 des postes de direction dans les domaines de la gestion, de la comptabilit\u00e9 et du marketing.<\/p>\n\n<p>\u00ab\u00a0Victor Pires est irrempla\u00e7able. Comme l&rsquo;a dit un membre de l&rsquo;ex\u00e9cutif, il est l&rsquo;\u00e9talon-or de la gestion dans l&rsquo;\u00c9glise adventiste du septi\u00e8me jour\u00a0\u00bb, d\u00e9clare Boonstra. \u00ab\u00a0Ses efforts inlassables, ses solides comp\u00e9tences financi\u00e8res et sa passion ont fait de Voice of Prophecy ce qu&rsquo;elle est aujourd&rsquo;hui. Je serai toujours reconnaissant \u00e0 Dieu pour le don qu&rsquo;il a fait au minist\u00e8re par l&rsquo;interm\u00e9diaire de Victor.\u00a0\u00bb<\/p>\n\n<p>Les sentiments de M. Boonstra sont \u00e9galement partag\u00e9s par les dirigeants de la division nord-am\u00e9ricaine.<\/p>\n\n<p>\u00ab\u00a0Victor a apport\u00e9 \u00e0 l&rsquo;\u00c9glise un m\u00e9lange unique de comp\u00e9tences en mati\u00e8re de leadership\u00a0\u00bb, remarque Randy Robinson, tr\u00e9sorier de la division nord-am\u00e9ricaine. \u00ab\u00a0Il portait sa passion pour atteindre les gens pour J\u00e9sus sur sa manche et l&rsquo;a mise en \u0153uvre gr\u00e2ce \u00e0 son efficacit\u00e9 exceptionnelle dans la gestion des ressources financi\u00e8res\u00a0\u00bb.<\/p>\n\n<p>La Voix de la Proph\u00e9tie, dont le si\u00e8ge se trouve \u00e0 Loveland, dans le Colorado, est engag\u00e9e dans l&rsquo;\u00e9vang\u00e9lisation et le minist\u00e8re des m\u00e9dias depuis 1929, ce qui en fait l&rsquo;un des minist\u00e8res des m\u00e9dias chr\u00e9tiens les plus anciens. Elle g\u00e8re l&rsquo;\u00e9cole biblique Discover, l&rsquo;un des plus grands programmes d&rsquo;enseignement biblique au monde, avec des cours dans plus de 100 langues et des \u00e9coles bibliques dans plus de 2 200 \u00e9glises en Am\u00e9rique du Nord.<\/p>\n","protected":false},"excerpt":{"rendered":"<p>Justin Lyons nomm\u00e9 directeur\/tr\u00e9sorier de Voice of Prophecy La Voix de la Proph\u00e9tie a le plaisir d&rsquo;annoncer que Justin Lyons est notre nouveau directeur\/tr\u00e9sorier. Justin Lyons, qui \u00e9tait r\u00e9cemment pr\u00e9sident de la Conf\u00e9rence des Adventistes du Septi\u00e8me Jour du Minnesota, a accept\u00e9 l&rsquo;invitation de la Voix de la Proph\u00e9tie \u00e0 occuper le poste de directeur\/tr\u00e9sorier. [&hellip;]<\/p>\n","protected":false},"author":3454,"featured_media":0,"parent":0,"menu_order":0,"comment_status":"closed","ping_status":"closed","template":"","meta":{"give_campaign_id":0,"footnotes":""},"class_list":["post-832","page","type-page","status-publish","hentry","post-wrapper","thrv_wrapper"],"yoast_head":"<!-- This site is optimized with the Yoast SEO plugin v27.4 - https:\/\/yoast.com\/product\/yoast-seo-wordpress\/ -->\n<title>Nouvelles - Voice of Prophecy Canada<\/title>\n<meta name=\"robots\" content=\"index, follow, max-snippet:-1, max-image-preview:large, max-video-preview:-1\" \/>\n<link rel=\"canonical\" href=\"https:\/\/www.voiceofprophecy.ca\/fr\/nouvelles\/\" \/>\n<meta property=\"og:locale\" content=\"fr_FR\" \/>\n<meta property=\"og:type\" content=\"article\" \/>\n<meta property=\"og:title\" content=\"Nouvelles - Voice of Prophecy Canada\" \/>\n<meta property=\"og:description\" content=\"Justin Lyons nomm\u00e9 directeur\/tr\u00e9sorier de Voice of Prophecy La Voix de la Proph\u00e9tie a le plaisir d&rsquo;annoncer que Justin Lyons est notre nouveau directeur\/tr\u00e9sorier. Justin Lyons, qui \u00e9tait r\u00e9cemment pr\u00e9sident de la Conf\u00e9rence des Adventistes du Septi\u00e8me Jour du Minnesota, a accept\u00e9 l&rsquo;invitation de la Voix de la Proph\u00e9tie \u00e0 occuper le poste de directeur\/tr\u00e9sorier. [&hellip;]\" \/>\n<meta property=\"og:url\" content=\"https:\/\/www.voiceofprophecy.ca\/fr\/nouvelles\/\" \/>\n<meta property=\"og:site_name\" content=\"Voice of Prophecy Canada\" \/>\n<meta property=\"article:modified_time\" content=\"2023-04-05T16:08:25+00:00\" \/>\n<meta property=\"og:image\" content=\"https:\/\/www.voiceofprophecy.ca\/wp-content\/uploads\/2023\/01\/justin-lyons.jpeg\" \/>\n<meta name=\"twitter:label1\" content=\"Dur\u00e9e de lecture estim\u00e9e\" \/>\n\t<meta name=\"twitter:data1\" content=\"3 minutes\" \/>\n<script type=\"application\/ld+json\" class=\"yoast-schema-graph\">{\"@context\":\"https:\\\/\\\/schema.org\",\"@graph\":[{\"@type\":\"WebPage\",\"@id\":\"https:\\\/\\\/www.voiceofprophecy.ca\\\/fr\\\/nouvelles\\\/\",\"url\":\"https:\\\/\\\/www.voiceofprophecy.ca\\\/fr\\\/nouvelles\\\/\",\"name\":\"Nouvelles - Voice of Prophecy Canada\",\"isPartOf\":{\"@id\":\"https:\\\/\\\/www.voiceofprophecy.ca\\\/fr\\\/#website\"},\"primaryImageOfPage\":{\"@id\":\"https:\\\/\\\/www.voiceofprophecy.ca\\\/fr\\\/nouvelles\\\/#primaryimage\"},\"image\":{\"@id\":\"https:\\\/\\\/www.voiceofprophecy.ca\\\/fr\\\/nouvelles\\\/#primaryimage\"},\"thumbnailUrl\":\"https:\\\/\\\/www.voiceofprophecy.ca\\\/wp-content\\\/uploads\\\/2023\\\/01\\\/justin-lyons.jpeg\",\"datePublished\":\"2023-01-19T18:11:11+00:00\",\"dateModified\":\"2023-04-05T16:08:25+00:00\",\"breadcrumb\":{\"@id\":\"https:\\\/\\\/www.voiceofprophecy.ca\\\/fr\\\/nouvelles\\\/#breadcrumb\"},\"inLanguage\":\"fr-FR\",\"potentialAction\":[{\"@type\":\"ReadAction\",\"target\":[\"https:\\\/\\\/www.voiceofprophecy.ca\\\/fr\\\/nouvelles\\\/\"]}]},{\"@type\":\"ImageObject\",\"inLanguage\":\"fr-FR\",\"@id\":\"https:\\\/\\\/www.voiceofprophecy.ca\\\/fr\\\/nouvelles\\\/#primaryimage\",\"url\":\"https:\\\/\\\/www.voiceofprophecy.ca\\\/wp-content\\\/uploads\\\/2023\\\/01\\\/justin-lyons.jpeg\",\"contentUrl\":\"https:\\\/\\\/www.voiceofprophecy.ca\\\/wp-content\\\/uploads\\\/2023\\\/01\\\/justin-lyons.jpeg\"},{\"@type\":\"BreadcrumbList\",\"@id\":\"https:\\\/\\\/www.voiceofprophecy.ca\\\/fr\\\/nouvelles\\\/#breadcrumb\",\"itemListElement\":[{\"@type\":\"ListItem\",\"position\":1,\"name\":\"Home\",\"item\":\"https:\\\/\\\/www.voiceofprophecy.ca\\\/fr\\\/\"},{\"@type\":\"ListItem\",\"position\":2,\"name\":\"Nouvelles\"}]},{\"@type\":\"WebSite\",\"@id\":\"https:\\\/\\\/www.voiceofprophecy.ca\\\/fr\\\/#website\",\"url\":\"https:\\\/\\\/www.voiceofprophecy.ca\\\/fr\\\/\",\"name\":\"Voice of Prophecy Canada\",\"description\":\"Equipping the World for Christ to Come\",\"potentialAction\":[{\"@type\":\"SearchAction\",\"target\":{\"@type\":\"EntryPoint\",\"urlTemplate\":\"https:\\\/\\\/www.voiceofprophecy.ca\\\/fr\\\/?s={search_term_string}\"},\"query-input\":{\"@type\":\"PropertyValueSpecification\",\"valueRequired\":true,\"valueName\":\"search_term_string\"}}],\"inLanguage\":\"fr-FR\"}]}<\/script>\n<!-- \/ Yoast SEO plugin. -->","yoast_head_json":{"title":"Nouvelles - Voice of Prophecy Canada","robots":{"index":"index","follow":"follow","max-snippet":"max-snippet:-1","max-image-preview":"max-image-preview:large","max-video-preview":"max-video-preview:-1"},"canonical":"https:\/\/www.voiceofprophecy.ca\/fr\/nouvelles\/","og_locale":"fr_FR","og_type":"article","og_title":"Nouvelles - Voice of Prophecy Canada","og_description":"Justin Lyons nomm\u00e9 directeur\/tr\u00e9sorier de Voice of Prophecy La Voix de la Proph\u00e9tie a le plaisir d&rsquo;annoncer que Justin Lyons est notre nouveau directeur\/tr\u00e9sorier. Justin Lyons, qui \u00e9tait r\u00e9cemment pr\u00e9sident de la Conf\u00e9rence des Adventistes du Septi\u00e8me Jour du Minnesota, a accept\u00e9 l&rsquo;invitation de la Voix de la Proph\u00e9tie \u00e0 occuper le poste de directeur\/tr\u00e9sorier. [&hellip;]","og_url":"https:\/\/www.voiceofprophecy.ca\/fr\/nouvelles\/","og_site_name":"Voice of Prophecy Canada","article_modified_time":"2023-04-05T16:08:25+00:00","og_image":[{"url":"https:\/\/www.voiceofprophecy.ca\/wp-content\/uploads\/2023\/01\/justin-lyons.jpeg","type":"","width":"","height":""}],"twitter_misc":{"Dur\u00e9e de lecture estim\u00e9e":"3 minutes"},"schema":{"@context":"https:\/\/schema.org","@graph":[{"@type":"WebPage","@id":"https:\/\/www.voiceofprophecy.ca\/fr\/nouvelles\/","url":"https:\/\/www.voiceofprophecy.ca\/fr\/nouvelles\/","name":"Nouvelles - Voice of Prophecy Canada","isPartOf":{"@id":"https:\/\/www.voiceofprophecy.ca\/fr\/#website"},"primaryImageOfPage":{"@id":"https:\/\/www.voiceofprophecy.ca\/fr\/nouvelles\/#primaryimage"},"image":{"@id":"https:\/\/www.voiceofprophecy.ca\/fr\/nouvelles\/#primaryimage"},"thumbnailUrl":"https:\/\/www.voiceofprophecy.ca\/wp-content\/uploads\/2023\/01\/justin-lyons.jpeg","datePublished":"2023-01-19T18:11:11+00:00","dateModified":"2023-04-05T16:08:25+00:00","breadcrumb":{"@id":"https:\/\/www.voiceofprophecy.ca\/fr\/nouvelles\/#breadcrumb"},"inLanguage":"fr-FR","potentialAction":[{"@type":"ReadAction","target":["https:\/\/www.voiceofprophecy.ca\/fr\/nouvelles\/"]}]},{"@type":"ImageObject","inLanguage":"fr-FR","@id":"https:\/\/www.voiceofprophecy.ca\/fr\/nouvelles\/#primaryimage","url":"https:\/\/www.voiceofprophecy.ca\/wp-content\/uploads\/2023\/01\/justin-lyons.jpeg","contentUrl":"https:\/\/www.voiceofprophecy.ca\/wp-content\/uploads\/2023\/01\/justin-lyons.jpeg"},{"@type":"BreadcrumbList","@id":"https:\/\/www.voiceofprophecy.ca\/fr\/nouvelles\/#breadcrumb","itemListElement":[{"@type":"ListItem","position":1,"name":"Home","item":"https:\/\/www.voiceofprophecy.ca\/fr\/"},{"@type":"ListItem","position":2,"name":"Nouvelles"}]},{"@type":"WebSite","@id":"https:\/\/www.voiceofprophecy.ca\/fr\/#website","url":"https:\/\/www.voiceofprophecy.ca\/fr\/","name":"Voice of Prophecy Canada","description":"Equipping the World for Christ to Come","potentialAction":[{"@type":"SearchAction","target":{"@type":"EntryPoint","urlTemplate":"https:\/\/www.voiceofprophecy.ca\/fr\/?s={search_term_string}"},"query-input":{"@type":"PropertyValueSpecification","valueRequired":true,"valueName":"search_term_string"}}],"inLanguage":"fr-FR"}]}},"campaignId":"","_links":{"self":[{"href":"https:\/\/www.voiceofprophecy.ca\/fr\/wp-json\/wp\/v2\/pages\/832","targetHints":{"allow":["GET"]}}],"collection":[{"href":"https:\/\/www.voiceofprophecy.ca\/fr\/wp-json\/wp\/v2\/pages"}],"about":[{"href":"https:\/\/www.voiceofprophecy.ca\/fr\/wp-json\/wp\/v2\/types\/page"}],"author":[{"embeddable":true,"href":"https:\/\/www.voiceofprophecy.ca\/fr\/wp-json\/wp\/v2\/users\/3454"}],"replies":[{"embeddable":true,"href":"https:\/\/www.voiceofprophecy.ca\/fr\/wp-json\/wp\/v2\/comments?post=832"}],"version-history":[{"count":1,"href":"https:\/\/www.voiceofprophecy.ca\/fr\/wp-json\/wp\/v2\/pages\/832\/revisions"}],"predecessor-version":[{"id":833,"href":"https:\/\/www.voiceofprophecy.ca\/fr\/wp-json\/wp\/v2\/pages\/832\/revisions\/833"}],"wp:attachment":[{"href":"https:\/\/www.voiceofprophecy.ca\/fr\/wp-json\/wp\/v2\/media?parent=832"}],"curies":[{"name":"wp","href":"https:\/\/api.w.org\/{rel}","templated":true}]}}