{"id":854,"date":"2020-11-02T14:01:51","date_gmt":"2020-11-02T18:01:51","guid":{"rendered":"https:\/\/www.voiceofprophecy.ca\/faire-un-don-a-voice-of-prophecy-canada\/"},"modified":"2023-06-23T17:39:09","modified_gmt":"2023-06-23T21:39:09","slug":"faire-un-don-a-voice-of-prophecy-canada","status":"publish","type":"page","link":"https:\/\/www.voiceofprophecy.ca\/fr\/faire-un-don-a-voice-of-prophecy-canada\/","title":{"rendered":"Faire un don \u00e0 Voice of Prophecy Canada"},"content":{"rendered":"\n<p>Voici o\u00f9 vous pourrez tr\u00e8s bient\u00f4t faire un don.<\/p>\n","protected":false},"excerpt":{"rendered":"<p>Voici o\u00f9 vous pourrez tr\u00e8s bient\u00f4t faire un don.<\/p>\n","protected":false},"author":3454,"featured_media":0,"parent":0,"menu_order":0,"comment_status":"closed","ping_status":"closed","template":"","meta":{"give_campaign_id":0,"footnotes":""},"class_list":["post-854","page","type-page","status-publish","hentry","post-wrapper","thrv_wrapper"],"yoast_head":"<!-- This site is optimized with the Yoast SEO plugin v27.4 - https:\/\/yoast.com\/product\/yoast-seo-wordpress\/ -->\n<title>Faire un don \u00e0 Voice of Prophecy Canada - Voice of Prophecy Canada<\/title>\n<meta name=\"robots\" content=\"index, follow, max-snippet:-1, max-image-preview:large, max-video-preview:-1\" \/>\n<link rel=\"canonical\" href=\"https:\/\/www.voiceofprophecy.ca\/fr\/faire-un-don-a-voice-of-prophecy-canada\/\" \/>\n<meta property=\"og:locale\" content=\"fr_FR\" \/>\n<meta property=\"og:type\" content=\"article\" \/>\n<meta property=\"og:title\" content=\"Faire un don \u00e0 Voice of Prophecy Canada - Voice of Prophecy Canada\" \/>\n<meta property=\"og:description\" content=\"Voici o\u00f9 vous pourrez tr\u00e8s bient\u00f4t faire un don.\" \/>\n<meta property=\"og:url\" content=\"https:\/\/www.voiceofprophecy.ca\/fr\/faire-un-don-a-voice-of-prophecy-canada\/\" \/>\n<meta property=\"og:site_name\" content=\"Voice of Prophecy Canada\" \/>\n<meta property=\"article:modified_time\" content=\"2023-06-23T21:39:09+00:00\" \/>\n<script type=\"application\/ld+json\" class=\"yoast-schema-graph\">{\"@context\":\"https:\\\/\\\/schema.org\",\"@graph\":[{\"@type\":\"WebPage\",\"@id\":\"https:\\\/\\\/www.voiceofprophecy.ca\\\/fr\\\/faire-un-don-a-voice-of-prophecy-canada\\\/\",\"url\":\"https:\\\/\\\/www.voiceofprophecy.ca\\\/fr\\\/faire-un-don-a-voice-of-prophecy-canada\\\/\",\"name\":\"Faire un don \u00e0 Voice of Prophecy Canada - Voice of Prophecy Canada\",\"isPartOf\":{\"@id\":\"https:\\\/\\\/www.voiceofprophecy.ca\\\/fr\\\/#website\"},\"datePublished\":\"2020-11-02T18:01:51+00:00\",\"dateModified\":\"2023-06-23T21:39:09+00:00\",\"breadcrumb\":{\"@id\":\"https:\\\/\\\/www.voiceofprophecy.ca\\\/fr\\\/faire-un-don-a-voice-of-prophecy-canada\\\/#breadcrumb\"},\"inLanguage\":\"fr-FR\",\"potentialAction\":[{\"@type\":\"ReadAction\",\"target\":[\"https:\\\/\\\/www.voiceofprophecy.ca\\\/fr\\\/faire-un-don-a-voice-of-prophecy-canada\\\/\"]}]},{\"@type\":\"BreadcrumbList\",\"@id\":\"https:\\\/\\\/www.voiceofprophecy.ca\\\/fr\\\/faire-un-don-a-voice-of-prophecy-canada\\\/#breadcrumb\",\"itemListElement\":[{\"@type\":\"ListItem\",\"position\":1,\"name\":\"Home\",\"item\":\"https:\\\/\\\/www.voiceofprophecy.ca\\\/fr\\\/\"},{\"@type\":\"ListItem\",\"position\":2,\"name\":\"Faire un don \u00e0 Voice of Prophecy Canada\"}]},{\"@type\":\"WebSite\",\"@id\":\"https:\\\/\\\/www.voiceofprophecy.ca\\\/fr\\\/#website\",\"url\":\"https:\\\/\\\/www.voiceofprophecy.ca\\\/fr\\\/\",\"name\":\"Voice of Prophecy Canada\",\"description\":\"Equipping the World for Christ to Come\",\"potentialAction\":[{\"@type\":\"SearchAction\",\"target\":{\"@type\":\"EntryPoint\",\"urlTemplate\":\"https:\\\/\\\/www.voiceofprophecy.ca\\\/fr\\\/?s={search_term_string}\"},\"query-input\":{\"@type\":\"PropertyValueSpecification\",\"valueRequired\":true,\"valueName\":\"search_term_string\"}}],\"inLanguage\":\"fr-FR\"}]}<\/script>\n<!-- \/ Yoast SEO plugin. -->","yoast_head_json":{"title":"Faire un don \u00e0 Voice of Prophecy Canada - Voice of Prophecy Canada","robots":{"index":"index","follow":"follow","max-snippet":"max-snippet:-1","max-image-preview":"max-image-preview:large","max-video-preview":"max-video-preview:-1"},"canonical":"https:\/\/www.voiceofprophecy.ca\/fr\/faire-un-don-a-voice-of-prophecy-canada\/","og_locale":"fr_FR","og_type":"article","og_title":"Faire un don \u00e0 Voice of Prophecy Canada - Voice of Prophecy Canada","og_description":"Voici o\u00f9 vous pourrez tr\u00e8s bient\u00f4t faire un don.","og_url":"https:\/\/www.voiceofprophecy.ca\/fr\/faire-un-don-a-voice-of-prophecy-canada\/","og_site_name":"Voice of Prophecy Canada","article_modified_time":"2023-06-23T21:39:09+00:00","schema":{"@context":"https:\/\/schema.org","@graph":[{"@type":"WebPage","@id":"https:\/\/www.voiceofprophecy.ca\/fr\/faire-un-don-a-voice-of-prophecy-canada\/","url":"https:\/\/www.voiceofprophecy.ca\/fr\/faire-un-don-a-voice-of-prophecy-canada\/","name":"Faire un don \u00e0 Voice of Prophecy Canada - Voice of Prophecy Canada","isPartOf":{"@id":"https:\/\/www.voiceofprophecy.ca\/fr\/#website"},"datePublished":"2020-11-02T18:01:51+00:00","dateModified":"2023-06-23T21:39:09+00:00","breadcrumb":{"@id":"https:\/\/www.voiceofprophecy.ca\/fr\/faire-un-don-a-voice-of-prophecy-canada\/#breadcrumb"},"inLanguage":"fr-FR","potentialAction":[{"@type":"ReadAction","target":["https:\/\/www.voiceofprophecy.ca\/fr\/faire-un-don-a-voice-of-prophecy-canada\/"]}]},{"@type":"BreadcrumbList","@id":"https:\/\/www.voiceofprophecy.ca\/fr\/faire-un-don-a-voice-of-prophecy-canada\/#breadcrumb","itemListElement":[{"@type":"ListItem","position":1,"name":"Home","item":"https:\/\/www.voiceofprophecy.ca\/fr\/"},{"@type":"ListItem","position":2,"name":"Faire un don \u00e0 Voice of Prophecy Canada"}]},{"@type":"WebSite","@id":"https:\/\/www.voiceofprophecy.ca\/fr\/#website","url":"https:\/\/www.voiceofprophecy.ca\/fr\/","name":"Voice of Prophecy Canada","description":"Equipping the World for Christ to Come","potentialAction":[{"@type":"SearchAction","target":{"@type":"EntryPoint","urlTemplate":"https:\/\/www.voiceofprophecy.ca\/fr\/?s={search_term_string}"},"query-input":{"@type":"PropertyValueSpecification","valueRequired":true,"valueName":"search_term_string"}}],"inLanguage":"fr-FR"}]}},"campaignId":"","_links":{"self":[{"href":"https:\/\/www.voiceofprophecy.ca\/fr\/wp-json\/wp\/v2\/pages\/854","targetHints":{"allow":["GET"]}}],"collection":[{"href":"https:\/\/www.voiceofprophecy.ca\/fr\/wp-json\/wp\/v2\/pages"}],"about":[{"href":"https:\/\/www.voiceofprophecy.ca\/fr\/wp-json\/wp\/v2\/types\/page"}],"author":[{"embeddable":true,"href":"https:\/\/www.voiceofprophecy.ca\/fr\/wp-json\/wp\/v2\/users\/3454"}],"replies":[{"embeddable":true,"href":"https:\/\/www.voiceofprophecy.ca\/fr\/wp-json\/wp\/v2\/comments?post=854"}],"version-history":[{"count":1,"href":"https:\/\/www.voiceofprophecy.ca\/fr\/wp-json\/wp\/v2\/pages\/854\/revisions"}],"predecessor-version":[{"id":855,"href":"https:\/\/www.voiceofprophecy.ca\/fr\/wp-json\/wp\/v2\/pages\/854\/revisions\/855"}],"wp:attachment":[{"href":"https:\/\/www.voiceofprophecy.ca\/fr\/wp-json\/wp\/v2\/media?parent=854"}],"curies":[{"name":"wp","href":"https:\/\/api.w.org\/{rel}","templated":true}]}}